{"id":77,"date":"2022-11-27T18:06:07","date_gmt":"2022-11-27T17:06:07","guid":{"rendered":"https:\/\/www.globalvillage069.de\/wordpress\/?page_id=77"},"modified":"2023-12-13T19:52:28","modified_gmt":"2023-12-13T18:52:28","slug":"ueber-global-village-069","status":"publish","type":"page","link":"https:\/\/www.globalvillage069.de\/en\/ueber-global-village-069\/","title":{"rendered":"About Global Village 069"},"content":{"rendered":"<div class=\"wp-block-group is-layout-constrained wp-block-group-is-layout-constrained\" style=\"padding-top:35px;padding-bottom:35px\">\n<p>What comes to mind for most non-Frankfurt residents when they think of the city on the Main? The skyline? Of course. The Eintracht football team? Sure. The Station district? Definitely. Probably not much else, though. Frankfurt is considered a village among Germany\u2019s major cities.<\/p>\n\n\n\n<p>That\u2019s what I used to think, too. That was before I moved here. When I became a citizen of Frankfurt, I discovered very quickly that the whole world comes together in this village.<\/p>\n\n\n\n<p>Statistics say that Frankfurt is the most international city in the country, with people from around 180 nations calling it home. What the statistics don't say and can't say, is what a gift this international diversity is. It makes this city more open, more engaged, more creative, more yummy, more exciting, more complex... and it's a hell of a lot of fun.<\/p>\n\n\n\n<p>This podcast tells the personal stories behind the term \"international diversity\". And it reveals how and where each of us can discover other nations in Frankfurt \u2013 culture-wise, food-wise, society-wise\u2026 and always people-wise. Because nothing beats a direct encounter.<\/p>\n\n\n\n<p>Alongside each episode, I\u2019ll share a supplementing blog post on this website with a summary in German, English and the respective language(s) of my interviewee\u2019s country of origin. This way I want to make the stories and tips from the podcast accessible to all Frankfurt residents, regardless of their knowledge of German.<\/p>\n\n\n\n<p>Enjoy!<\/p>\n\n\n\n<div class=\"wp-block-buttons is-layout-flex wp-block-buttons-is-layout-flex\">\n<div class=\"wp-block-button has-custom-font-size has-small-font-size\"><a class=\"wp-block-button__link has-primary-background-color has-background wp-element-button\" href=\"https:\/\/www.globalvillage069.de\/en\/trailer-zu-global-village-069\/\">Listen to the trailer<\/a><\/div>\n<\/div>\n<\/div>\n\n\n\n<div class=\"wp-block-group is-layout-constrained wp-block-group-is-layout-constrained\" style=\"padding-top:35px;padding-bottom:35px\">\n<h2 class=\"wp-block-heading has-text-align-center has-large-font-size\">About me<\/h2>\n\n\n\n<div class=\"wp-block-group is-content-justification-left is-nowrap is-layout-flex wp-container-core-group-is-layout-fc9f69e7 wp-block-group-is-layout-flex\">\n<figure class=\"wp-block-image size-full has-custom-border is-style-default\"><img loading=\"lazy\" decoding=\"async\" width=\"800\" height=\"800\" src=\"https:\/\/www.globalvillage069.de\/wordpress\/wp-content\/uploads\/2022\/11\/portrait-marie-green-800-800.jpg\" alt=\"Marie Wendling\" class=\"wp-image-78\" style=\"border-radius:12px\" srcset=\"https:\/\/www.globalvillage069.de\/wp-content\/uploads\/2022\/11\/portrait-marie-green-800-800.jpg 800w, https:\/\/www.globalvillage069.de\/wp-content\/uploads\/2022\/11\/portrait-marie-green-800-800-300x300.jpg 300w, https:\/\/www.globalvillage069.de\/wp-content\/uploads\/2022\/11\/portrait-marie-green-800-800-150x150.jpg 150w, https:\/\/www.globalvillage069.de\/wp-content\/uploads\/2022\/11\/portrait-marie-green-800-800-768x768.jpg 768w\" sizes=\"auto, (max-width: 800px) 100vw, 800px\" \/><\/figure>\n\n\n\n<div class=\"wp-block-group is-layout-constrained wp-container-core-group-is-layout-849f6ee7 wp-block-group-is-layout-constrained\" style=\"padding-left:15px\">\n<p>While I feel wholeheartedly connected to Frankfurt, I was born and raised somewhere else: in the Niederrhein region, in M\u00f6nchengladbach to be exact, in 1984.  My curiosity for the big wide world was awakened by many unforgettable trips with my family (caravan holiday in Istanbul!) and semesters abroad in the USA and Italy. Then I moved to Berlin for university and later to London for six-and-a-half years, and I learned what it means to live in a place that seems to be home to the whole world. This experience had a significant impact on how I view the world.<\/p>\n\n\n\n<p>In 2018, my husband and I finally moved to Frankfurt. I never thought I would fall in love with this city so quickly and so deeply. And that is largely due to the many daily encounters with other Frankfurt residents of different origins. It is precisely these encounters that I would like to facilitate for my fellow citizens with this podcast.<\/p>\n\n\n\n<p>By the way, I'm not doing this professionally (I'm a sustainability manager and communications expert by trade). Global Village 069 is my own private project, my love letter (or rather love podcast) to this city. Why a podcast? Well, I am an avid (my husband says addicted) listener myself. I firmly believe in the power of good stories. And I'm convinced that podcasts are a fantastic way to carry these stories through the ears directly into the head and heart. &nbsp;<\/p>\n<\/div>\n<\/div>\n<\/div>","protected":false},"excerpt":{"rendered":"<p>Was f\u00e4llt den meisten Nicht-Frankfurter*innen ein, wenn sie an die Stadt am Main denken? Die Skyline? Klar. Die Eintracht? Sicher. Das Bahnhofsviertel? Bestimmt. Wahrscheinlich aber nicht viel mehr. Frankfurt gilt als Dorf unter den deutschen Gro\u00dfst\u00e4dten. \u00c4hnlich habe ich fr\u00fcher auch gedacht. Dann bin ich hergezogen. Und ich habe sehr schnell entdeckt, dass in diesem [&hellip;]<\/p>","protected":false},"author":1,"featured_media":81,"parent":0,"menu_order":0,"comment_status":"closed","ping_status":"closed","template":"","meta":{"footnotes":""},"class_list":["post-77","page","type-page","status-publish","has-post-thumbnail","hentry"],"_links":{"self":[{"href":"https:\/\/www.globalvillage069.de\/en\/wp-json\/wp\/v2\/pages\/77","targetHints":{"allow":["GET"]}}],"collection":[{"href":"https:\/\/www.globalvillage069.de\/en\/wp-json\/wp\/v2\/pages"}],"about":[{"href":"https:\/\/www.globalvillage069.de\/en\/wp-json\/wp\/v2\/types\/page"}],"author":[{"embeddable":true,"href":"https:\/\/www.globalvillage069.de\/en\/wp-json\/wp\/v2\/users\/1"}],"replies":[{"embeddable":true,"href":"https:\/\/www.globalvillage069.de\/en\/wp-json\/wp\/v2\/comments?post=77"}],"version-history":[{"count":9,"href":"https:\/\/www.globalvillage069.de\/en\/wp-json\/wp\/v2\/pages\/77\/revisions"}],"predecessor-version":[{"id":428,"href":"https:\/\/www.globalvillage069.de\/en\/wp-json\/wp\/v2\/pages\/77\/revisions\/428"}],"wp:featuredmedia":[{"embeddable":true,"href":"https:\/\/www.globalvillage069.de\/en\/wp-json\/wp\/v2\/media\/81"}],"wp:attachment":[{"href":"https:\/\/www.globalvillage069.de\/en\/wp-json\/wp\/v2\/media?parent=77"}],"curies":[{"name":"wp","href":"https:\/\/api.w.org\/{rel}","templated":true}]}}